{"id":9,"date":"2026-01-10T11:44:01","date_gmt":"2026-01-10T11:44:01","guid":{"rendered":"http:\/\/laviedunehotwife.com\/?page_id=9"},"modified":"2026-01-10T14:39:48","modified_gmt":"2026-01-10T14:39:48","slug":"a-propos","status":"publish","type":"page","link":"https:\/\/laviedunehotwife.com\/?page_id=9","title":{"rendered":"\u00c0 propos"},"content":{"rendered":"\n<p>Je m&#8217;appelle C\u00e9cile, et j&#8217;ai 42 ans.<\/p>\n\n\n\n<p>Je suis mari\u00e9e et j&#8217;ai toujours \u00e9t\u00e9 heureuse avec mon mari.<\/p>\n\n\n\n<p>Nous avons deux beaux enfants, nous vivons dans une belle maison de la r\u00e9gion lilloise, nos situations sont tr\u00e8s stables.<\/p>\n\n\n\n<p>Je suis enseignante.<\/p>\n\n\n\n<p>Ce site a \u00e9t\u00e9 cr\u00e9\u00e9 pour que je vous raconte mon histoire. C&#8217;est une fa\u00e7on pour moi de vivre, ou plut\u00f4t de revivre ma sexualit\u00e9 qui s&#8217;est r\u00e9v\u00e9l\u00e9e sur le tard. Bien s\u00fbr, cette sexualit\u00e9 passe par mon corps, mais avant tout et surtout dans ma t\u00eate. Les femmes sont c\u00e9r\u00e9brales dit-on! Et je ne fais pas exception \u00e0 cette g\u00e9n\u00e9ralit\u00e9.<\/p>\n\n\n\n<p>Tu verras peu d&#8217;image ici, et c&#8217;est un choix qui me permet de conserver l&#8217;anonymat. Ce site est construit avec un ensemble de pr\u00e9cautions en ce sens.<\/p>\n\n\n\n<p>Voici ce qui est vrai:<\/p>\n\n\n\n<ul class=\"wp-block-list\">\n<li>Je suis bien enseignante<\/li>\n\n\n\n<li>J&#8217;habite bien dans le secteur de Lille.<\/li>\n\n\n\n<li>Les \u00e9v\u00e9nements que je vous d\u00e9cris sont tr\u00e8s proches de la v\u00e9rit\u00e9.<\/li>\n<\/ul>\n\n\n\n<p>Voici ce qui est pens\u00e9 pour provoquer le doute en toi, et prot\u00e9ger mon anonymat:<\/p>\n\n\n\n<ul class=\"wp-block-list\">\n<li>Les articles sont \u00e9crits \u00e0 la premi\u00e8re personne du singulier.<\/li>\n\n\n\n<li>Certains d\u00e9tails ou lieux seront volontairement flous ou modifi\u00e9s.<\/li>\n\n\n\n<li>Lorsque je d\u00e9cris mon apparence, je suis objective&#8230; En amplifiant ou en minimisant un peu la r\u00e9alit\u00e9 .<\/li>\n\n\n\n<li>Quelques unes de mes aventures ne seront pas d\u00e9voil\u00e9es car elles n&#8217;apportent rien de plus a la philosophie de mes r\u00e9cits, ou elles sont int\u00e9ressantes pour la narration.<\/li>\n<\/ul>\n\n\n\n<p>Voici ce que j&#8217;ai compl\u00e8tement invent\u00e9 :<\/p>\n\n\n\n<ul class=\"wp-block-list\">\n<li>Les pr\u00e9noms, y compris le mien, sont faux : je ne m&#8217;appelle pas C\u00e9cile.<\/li>\n\n\n\n<li>Je suis r\u00e9ellement enseignante, mais les autres professions seront imagin\u00e9es.<\/li>\n\n\n\n<li>Les illustrations sont g\u00e9n\u00e9r\u00e9es par intelligence artificielle, j&#8217;utilise des prompts tr\u00e8s pr\u00e9cis pour garantir une repr\u00e9sentation fid\u00e8le de l&#8217;atmosph\u00e8re des lieux ou de mes tenues.<\/li>\n<\/ul>\n\n\n\n<p>J&#8217;esp\u00e8re que tu as envie d&#8217;en lire plus!<\/p>\n\n\n\n<p>Maintenant voici une repr\u00e9sentation de la femme que je suis au quotidien.<\/p>\n\n\n<div class=\"wp-block-image is-style-default\">\n<figure class=\"aligncenter size-large is-resized\"><img loading=\"lazy\" decoding=\"async\" width=\"683\" height=\"1024\" src=\"http:\/\/laviedunehotwife.com\/wp-content\/uploads\/2026\/01\/1000000061-683x1024.png\" alt=\"\" class=\"wp-image-21\" style=\"width:716px;height:auto\" srcset=\"https:\/\/laviedunehotwife.com\/wp-content\/uploads\/2026\/01\/1000000061-683x1024.png 683w, https:\/\/laviedunehotwife.com\/wp-content\/uploads\/2026\/01\/1000000061-200x300.png 200w, https:\/\/laviedunehotwife.com\/wp-content\/uploads\/2026\/01\/1000000061-768x1152.png 768w, https:\/\/laviedunehotwife.com\/wp-content\/uploads\/2026\/01\/1000000061-780x1170.png 780w, https:\/\/laviedunehotwife.com\/wp-content\/uploads\/2026\/01\/1000000061.png 1024w\" sizes=\"auto, (max-width: 683px) 100vw, 683px\" \/><\/figure>\n<\/div>\n\n\n<p>Et voici une repr\u00e9sentation de cette femme que j&#8217;aime \u00eatre dans les moments o\u00f9 je suis joueuse depuis quelques ann\u00e9es maintenant.<\/p>\n\n\n<div class=\"wp-block-image\">\n<figure class=\"aligncenter size-large\"><img loading=\"lazy\" decoding=\"async\" width=\"683\" height=\"1024\" src=\"http:\/\/laviedunehotwife.com\/wp-content\/uploads\/2026\/01\/1000000062-683x1024.png\" alt=\"\" class=\"wp-image-25\" srcset=\"https:\/\/laviedunehotwife.com\/wp-content\/uploads\/2026\/01\/1000000062-683x1024.png 683w, https:\/\/laviedunehotwife.com\/wp-content\/uploads\/2026\/01\/1000000062-200x300.png 200w, https:\/\/laviedunehotwife.com\/wp-content\/uploads\/2026\/01\/1000000062-768x1152.png 768w, https:\/\/laviedunehotwife.com\/wp-content\/uploads\/2026\/01\/1000000062-780x1170.png 780w, https:\/\/laviedunehotwife.com\/wp-content\/uploads\/2026\/01\/1000000062.png 1024w\" sizes=\"auto, (max-width: 683px) 100vw, 683px\" \/><\/figure>\n<\/div>\n\n\n<p>\u00c9videmment, je ne suis pas si parfaite que ces images, mais objectivement j&#8217;ai un joli sourire, et des formes qui plaisent beaucoup. Je ne suis pas petite, et mon poids peut varier en fonction de mes p\u00e9riodes de motivation pour faire du sport.<\/p>\n\n\n\n<p>J&#8217;aime beaucoup \u00e9crire mon histoire, et c&#8217;est le but premier. Et j&#8217;esp\u00e8re que cela permettra \u00e0 certaines lectrices de sortir \u00e9galement de leur zone de confort, pour leur propre bonheur: Il n&#8217;est jamais trop tard!<\/p>\n\n\n\n<p>A tout de suite, dans le prochain article&#8230;<\/p>\n\n\n\n<p>C\u00e9cile \ud83d\ude18<\/p>\n\n\n\n<p><\/p>\n","protected":false},"excerpt":{"rendered":"<p>Je m&#8217;appelle C\u00e9cile, et j&#8217;ai 42 ans. Je suis mari\u00e9e et j&#8217;ai toujours \u00e9t\u00e9 heureuse avec mon mari. Nous avons deux beaux enfants, nous vivons dans une belle maison de la r\u00e9gion lilloise, nos situations sont tr\u00e8s stables. Je suis enseignante. Ce site a \u00e9t\u00e9 cr\u00e9\u00e9 pour que je vous raconte mon histoire. C&#8217;est une &hellip;<\/p>\n","protected":false},"author":1,"featured_media":0,"parent":0,"menu_order":0,"comment_status":"closed","ping_status":"closed","template":"","meta":{"footnotes":""},"class_list":["post-9","page","type-page","status-publish","hentry","entry entry-center"],"_links":{"self":[{"href":"https:\/\/laviedunehotwife.com\/index.php?rest_route=\/wp\/v2\/pages\/9","targetHints":{"allow":["GET"]}}],"collection":[{"href":"https:\/\/laviedunehotwife.com\/index.php?rest_route=\/wp\/v2\/pages"}],"about":[{"href":"https:\/\/laviedunehotwife.com\/index.php?rest_route=\/wp\/v2\/types\/page"}],"author":[{"embeddable":true,"href":"https:\/\/laviedunehotwife.com\/index.php?rest_route=\/wp\/v2\/users\/1"}],"replies":[{"embeddable":true,"href":"https:\/\/laviedunehotwife.com\/index.php?rest_route=%2Fwp%2Fv2%2Fcomments&post=9"}],"version-history":[{"count":9,"href":"https:\/\/laviedunehotwife.com\/index.php?rest_route=\/wp\/v2\/pages\/9\/revisions"}],"predecessor-version":[{"id":32,"href":"https:\/\/laviedunehotwife.com\/index.php?rest_route=\/wp\/v2\/pages\/9\/revisions\/32"}],"wp:attachment":[{"href":"https:\/\/laviedunehotwife.com\/index.php?rest_route=%2Fwp%2Fv2%2Fmedia&parent=9"}],"curies":[{"name":"wp","href":"https:\/\/api.w.org\/{rel}","templated":true}]}}